{"id":370,"date":"2022-11-14T12:14:02","date_gmt":"2022-11-14T12:14:02","guid":{"rendered":"https:\/\/xn--mttekollid-2bb.ee\/?page_id=370"},"modified":"2026-03-03T14:41:35","modified_gmt":"2026-03-03T14:41:35","slug":"terapeut-2","status":"publish","type":"page","link":"https:\/\/xn--mttekollid-2bb.ee\/?page_id=370","title":{"rendered":"Terapeut"},"content":{"rendered":"<p>[et_pb_section fb_built=&#8221;1&#8243; _builder_version=&#8221;4.18.0&#8243; _module_preset=&#8221;default&#8221; global_colors_info=&#8221;{}&#8221;][et_pb_row column_structure=&#8221;1_4,3_4&#8243; _builder_version=&#8221;4.18.0&#8243; _module_preset=&#8221;default&#8221; global_colors_info=&#8221;{}&#8221;][et_pb_column type=&#8221;1_4&#8243; _builder_version=&#8221;4.18.0&#8243; _module_preset=&#8221;default&#8221; global_colors_info=&#8221;{}&#8221;][et_pb_image src=&#8221;https:\/\/xn--mttekollid-2bb.ee\/wp-content\/uploads\/2022\/11\/Nimetu-kujundus-21.png&#8221; title_text=&#8221;Nimetu kujundus (21)&#8221; _builder_version=&#8221;4.18.0&#8243; _module_preset=&#8221;default&#8221; global_colors_info=&#8221;{}&#8221;][\/et_pb_image][\/et_pb_column][et_pb_column type=&#8221;3_4&#8243; _builder_version=&#8221;4.18.0&#8243; _module_preset=&#8221;default&#8221; global_colors_info=&#8221;{}&#8221;][et_pb_accordion _builder_version=&#8221;4.19.0&#8243; _module_preset=&#8221;default&#8221; toggle_text_align=&#8221;center&#8221; border_color_all=&#8221;RGBA(255,255,255,0)&#8221; global_colors_info=&#8221;{}&#8221;][et_pb_accordion_item title=&#8221;SIGNE VIIRA&#8221; open=&#8221;on&#8221; _builder_version=&#8221;4.18.0&#8243; _module_preset=&#8221;default&#8221; global_colors_info=&#8221;{}&#8221;]<\/p>\n<p style=\"text-align: center;\"><span style=\"font-weight: 400;\">Juba p\u00e4ris v\u00e4iksena meeldisid mulle kohutavalt muinasjutud. Eksisin tihti raamatute fantaasiamaailmadesse ja unustasin ennast alatasa \u00f6\u00f6pimedani s\u00f5pradega m\u00e4ngima. Lugude jutustamine ja kuulamine on mul alati aidanud maailma, teisi inimesi ja ka iseennast paremini m\u00f5ista. Nii ei olegi minu j\u00f5udmine m\u00e4nguteraapiani kuidagi \u00fcllatuslik, sest iga lapse sees on lugu, mis l\u00e4bi m\u00e4ngu jutustamist ootab ja hirmsasti kuulajat vajab.<\/span><\/p>\n<p style=\"text-align: center;\"><span style=\"font-weight: 400;\"><\/span><\/p>\n<p style=\"text-align: center;\">Olen l\u00f5petanud M\u00e4nguteraapia v\u00e4ja\u00f5ppe ja hetkel \u00f5pin supervisiooniaastal. Samuti olen <a href=\"https:\/\/manguterapeudid.ee\/\">MT\u00dc Eesti M\u00e4nguterapeutide Assotsiatsiooni<\/a> asutajaliige ning kuulun \u00fchingu juhatusse.<span style=\"font-weight: 400;\"><\/span><\/p>\n<p style=\"text-align: center;\"><span style=\"font-weight: 400;\"><\/span><\/p>\n<p>[\/et_pb_accordion_item][\/et_pb_accordion][\/et_pb_column][\/et_pb_row][et_pb_row _builder_version=&#8221;4.19.0&#8243; _module_preset=&#8221;default&#8221; global_colors_info=&#8221;{}&#8221;][et_pb_column type=&#8221;4_4&#8243; _builder_version=&#8221;4.19.0&#8243; _module_preset=&#8221;default&#8221; global_colors_info=&#8221;{}&#8221;][et_pb_accordion _builder_version=&#8221;4.19.0&#8243; _module_preset=&#8221;default&#8221; toggle_level=&#8221;h4&#8243; toggle_font=&#8221;||||||||&#8221; toggle_text_align=&#8221;center&#8221; custom_margin=&#8221;||-4px|||&#8221; border_color_all=&#8221;RGBA(255,255,255,0)&#8221; global_colors_info=&#8221;{}&#8221;][et_pb_accordion_item title=&#8221;HARIDUS&#8221; open=&#8221;on&#8221; _builder_version=&#8221;4.19.0&#8243; _module_preset=&#8221;default&#8221; global_colors_info=&#8221;{}&#8221;][\/et_pb_accordion_item][\/et_pb_accordion][\/et_pb_column][\/et_pb_row][et_pb_row _builder_version=&#8221;4.27.4&#8243; _module_preset=&#8221;default&#8221; hover_enabled=&#8221;0&#8243; sticky_enabled=&#8221;0&#8243; column_structure=&#8221;1_3,1_3,1_3&#8243;][et_pb_column _builder_version=&#8221;4.27.4&#8243; _module_preset=&#8221;default&#8221; type=&#8221;1_3&#8243;][\/et_pb_column][et_pb_column _builder_version=&#8221;4.27.4&#8243; _module_preset=&#8221;default&#8221; type=&#8221;1_3&#8243;][et_pb_accordion _builder_version=&#8221;4.19.0&#8243; _module_preset=&#8221;default&#8221; hover_enabled=&#8221;0&#8243; border_color_all=&#8221;RGBA(255,255,255,0)&#8221; global_colors_info=&#8221;{}&#8221; sticky_enabled=&#8221;0&#8243;][et_pb_accordion_item open=&#8221;on&#8221; _builder_version=&#8221;4.19.0&#8243; _module_preset=&#8221;default&#8221; global_colors_info=&#8221;{}&#8221;]<\/p>\n<h3><strong>M\u00e4nguteraapia<\/strong><\/h3>\n<h3><\/h3>\n<p>Annely Sootsi koolituse Tervisekool<\/p>\n<p>M\u00e4nguterapeut III tase<\/p>\n<p>&nbsp;<\/p>\n<p>[\/et_pb_accordion_item][\/et_pb_accordion][\/et_pb_column][et_pb_column _builder_version=&#8221;4.27.4&#8243; _module_preset=&#8221;default&#8221; type=&#8221;1_3&#8243;][\/et_pb_column][\/et_pb_row][et_pb_row column_structure=&#8221;1_3,1_3,1_3&#8243; _builder_version=&#8221;4.27.4&#8243; _module_preset=&#8221;default&#8221; min_height=&#8221;287.8px&#8221; custom_margin=&#8221;-29px|auto||auto||&#8221; custom_padding=&#8221;0px|||||&#8221; hover_enabled=&#8221;0&#8243; global_colors_info=&#8221;{}&#8221; sticky_enabled=&#8221;0&#8243;][et_pb_column type=&#8221;1_3&#8243; _builder_version=&#8221;4.19.0&#8243; _module_preset=&#8221;default&#8221; global_colors_info=&#8221;{}&#8221;][et_pb_accordion _builder_version=&#8221;4.19.0&#8243; _module_preset=&#8221;default&#8221; hover_enabled=&#8221;0&#8243; border_color_all=&#8221;RGBA(255,255,255,0)&#8221; global_colors_info=&#8221;{}&#8221; sticky_enabled=&#8221;0&#8243;][et_pb_accordion_item open=&#8221;on&#8221; _builder_version=&#8221;4.19.0&#8243; _module_preset=&#8221;default&#8221; global_colors_info=&#8221;{}&#8221;]<\/p>\n<h3><strong>Semiootika ja kultuuriteooria<\/strong><\/h3>\n<p>Tartu \u00dclikool (MA)<\/p>\n<p>\u00a02024-&#8230;<\/p>\n<p>&nbsp;<\/p>\n<p>[\/et_pb_accordion_item][\/et_pb_accordion][\/et_pb_column][et_pb_column type=&#8221;1_3&#8243; _builder_version=&#8221;4.19.0&#8243; _module_preset=&#8221;default&#8221; global_colors_info=&#8221;{}&#8221;][et_pb_accordion _builder_version=&#8221;4.19.0&#8243; _module_preset=&#8221;default&#8221; border_color_all=&#8221;RGBA(255,255,255,0)&#8221; global_colors_info=&#8221;{}&#8221;][et_pb_accordion_item open=&#8221;on&#8221; _builder_version=&#8221;4.19.0&#8243; _module_preset=&#8221;default&#8221; global_colors_info=&#8221;{}&#8221;]<\/p>\n<h3><strong>Teatriteadus<\/strong><\/h3>\n<p>\u00a0Tartu \u00dclikool (BA)<strong><\/strong><\/p>\n<p>\u00a02006-2012<\/p>\n<p>&nbsp;<\/p>\n<p><strong><\/strong><\/p>\n<p>[\/et_pb_accordion_item][\/et_pb_accordion][\/et_pb_column][et_pb_column type=&#8221;1_3&#8243; _builder_version=&#8221;4.19.0&#8243; _module_preset=&#8221;default&#8221; global_colors_info=&#8221;{}&#8221;][et_pb_accordion _builder_version=&#8221;4.19.0&#8243; _module_preset=&#8221;default&#8221; border_color_all=&#8221;RGBA(255,255,255,0)&#8221; global_colors_info=&#8221;{}&#8221;][et_pb_accordion_item open=&#8221;on&#8221; _builder_version=&#8221;4.19.0&#8243; _module_preset=&#8221;default&#8221; global_colors_info=&#8221;{}&#8221;]<\/p>\n<h3><strong>Koolieelse lasteasutuse \u00f5petaja<\/strong><\/h3>\n<p>\u00a0Tartu \u00dclikool (BA)<\/p>\n<p>2003-2006<\/p>\n<p>&nbsp;<\/p>\n<p>&nbsp;<\/p>\n<p>[\/et_pb_accordion_item][\/et_pb_accordion][\/et_pb_column][\/et_pb_row][et_pb_row _builder_version=&#8221;4.19.0&#8243; _module_preset=&#8221;default&#8221; global_colors_info=&#8221;{}&#8221;][et_pb_column type=&#8221;4_4&#8243; _builder_version=&#8221;4.19.0&#8243; _module_preset=&#8221;default&#8221; global_colors_info=&#8221;{}&#8221;][et_pb_accordion _builder_version=&#8221;4.19.0&#8243; _module_preset=&#8221;default&#8221; toggle_font=&#8221;||||||||&#8221; toggle_text_align=&#8221;center&#8221; min_height=&#8221;186px&#8221; custom_margin=&#8221;-94px|||||&#8221; border_color_all=&#8221;RGBA(255,255,255,0)&#8221; global_colors_info=&#8221;{}&#8221;][et_pb_accordion_item title=&#8221;T\u00c4IENDKOOLITUSED&#8221; open=&#8221;on&#8221; _builder_version=&#8221;4.19.0&#8243; _module_preset=&#8221;default&#8221; global_colors_info=&#8221;{}&#8221;][\/et_pb_accordion_item][\/et_pb_accordion][\/et_pb_column][\/et_pb_row][et_pb_row column_structure=&#8221;1_3,1_3,1_3&#8243; _builder_version=&#8221;4.19.0&#8243; _module_preset=&#8221;default&#8221; min_height=&#8221;633.8px&#8221; custom_margin=&#8221;-69px|auto||auto||&#8221; custom_padding=&#8221;0px|||||&#8221; global_colors_info=&#8221;{}&#8221;][et_pb_column type=&#8221;1_3&#8243; _builder_version=&#8221;4.19.0&#8243; _module_preset=&#8221;default&#8221; global_colors_info=&#8221;{}&#8221;][et_pb_text _builder_version=&#8221;4.19.0&#8243; _module_preset=&#8221;default&#8221; global_colors_info=&#8221;{}&#8221;]<\/p>\n<h4 style=\"text-align: center;\"><strong>Loovettev\u00f5tja baaskursus ja praktika<\/strong><\/h4>\n<p style=\"text-align: center;\">Tartu \u00dclikooli Viljandi Kultuuriakadeemia mikrokraadiprogramm<\/p>\n<p style=\"text-align: center;\">\n<p style=\"text-align: center;\">\n<h4 style=\"text-align: center;\"><strong>Vaikuseminutite baaskoolitus<\/strong><\/h4>\n<p style=\"text-align: center;\">MT\u00dc Vaikuseminutid<\/p>\n<p style=\"text-align: center;\">\n<p style=\"text-align: center;\">\n<h4 style=\"text-align: center;\"><strong>Sissevaade ps\u00fchholoogiasse<\/strong><\/h4>\n<p style=\"text-align: center;\">Tartu \u00dclikool<\/p>\n<p style=\"text-align: center;\">\n<p style=\"text-align: center;\">\n<h4 style=\"text-align: center;\"><strong>Kuidas toetada ja m\u00f5ista last kunstiteraapia p\u00f5him\u00f5tteid kasutades<\/strong><\/h4>\n<p style=\"text-align: center;\">P\u00f5listarkuste ja Rahvaravi kool<\/p>\n<p>[\/et_pb_text][\/et_pb_column][et_pb_column type=&#8221;1_3&#8243; _builder_version=&#8221;4.19.0&#8243; _module_preset=&#8221;default&#8221; global_colors_info=&#8221;{}&#8221;][et_pb_text _builder_version=&#8221;4.19.0&#8243; _module_preset=&#8221;default&#8221; global_colors_info=&#8221;{}&#8221;]<\/p>\n<h4 style=\"text-align: center;\"><strong>Vaimse tervise esmaabi<\/strong><\/h4>\n<p style=\"text-align: center;\">MT\u00dc Peaasjad<\/p>\n<h4 style=\"text-align: center;\"><strong><\/strong><\/h4>\n<h4 style=\"text-align: center;\"><strong><\/strong><\/h4>\n<p><strong><\/strong><\/p>\n<h4 style=\"text-align: center;\"><strong>Lapse arengulugu ja depressioon<\/strong><\/h4>\n<p style=\"text-align: center;\">Adamson Koolitus<span style=\"background-color: #ffffff; font-size: 14px;\">\u00a0<\/span><\/p>\n<h4 style=\"text-align: center;\"><\/h4>\n<p>&nbsp;<\/p>\n<h4 style=\"text-align: center;\"><strong>T\u00f6\u00f6tamine lapsevanemaga<\/strong><\/h4>\n<p style=\"text-align: center;\">MT\u00dc Eesti M\u00e4nguterapeutide Assotsiatsioon<\/p>\n<h4 style=\"text-align: center;\"><strong><\/strong><\/h4>\n<h4 style=\"text-align: center;\"><strong><\/strong><\/h4>\n<p><strong><\/strong><\/p>\n<h4 style=\"text-align: center;\"><strong>Lapsed ja s\u00f5da<\/strong><\/h4>\n<p style=\"text-align: center;\">MT\u00dc Eesti M\u00e4nguterapeutide Assotsiatsioon<\/p>\n<p style=\"text-align: center;\">\n<h4 style=\"text-align: center;\"><strong>Autismispektrih\u00e4ire ja\/v\u00f5i aktiivsus- ja t\u00e4helepanuh\u00e4irega \u00f5ppija<\/strong><\/h4>\n<p style=\"text-align: center;\">Tartu \u00dclikool<\/p>\n<p>[\/et_pb_text][\/et_pb_column][et_pb_column type=&#8221;1_3&#8243; _builder_version=&#8221;4.19.0&#8243; _module_preset=&#8221;default&#8221; global_colors_info=&#8221;{}&#8221;][et_pb_text _builder_version=&#8221;4.19.0&#8243; _module_preset=&#8221;default&#8221; global_colors_info=&#8221;{}&#8221;]<\/p>\n<h4 style=\"text-align: center;\"><strong>Lapse enesehinnang ja peresuhted<\/strong><\/h4>\n<p style=\"text-align: center;\">Tartu Rahva\u00fclikool<\/p>\n<p style=\"text-align: center;\">\n<p style=\"text-align: center;\">\n<h4 style=\"text-align: center;\"><strong>Motivatsioon, enesehinnang ja suhted eakaaslastega<\/strong><\/h4>\n<p style=\"text-align: center;\">Tartu \u00dclikool<\/p>\n<p style=\"text-align: center;\">\n<p style=\"text-align: center;\">\n<h4 style=\"text-align: center;\"><strong>Suhtlemine laste ja vanematega<\/strong><\/h4>\n<p style=\"text-align: center;\">Tervise Arengu Instituut<\/p>\n<p style=\"text-align: center;\">\n<p style=\"text-align: center;\">\n<h4 style=\"text-align: center;\"><strong>Lapse arengulugu<\/strong><\/h4>\n<p style=\"text-align: center;\">SA Elva Laste- ja Perekeskus<\/p>\n<p style=\"text-align: center;\">\n<p>[\/et_pb_text][\/et_pb_column][\/et_pb_row][\/et_pb_section]<\/p>\n","protected":false},"excerpt":{"rendered":"<p>Juba p\u00e4ris v\u00e4iksena meeldisid mulle kohutavalt muinasjutud. Eksisin tihti raamatute fantaasiamaailmadesse ja unustasin ennast alatasa \u00f6\u00f6pimedani s\u00f5pradega m\u00e4ngima. Lugude jutustamine ja kuulamine on mul alati aidanud maailma, teisi inimesi ja ka iseennast paremini m\u00f5ista. Nii ei olegi minu j\u00f5udmine m\u00e4nguteraapiani kuidagi \u00fcllatuslik, sest iga lapse sees on lugu, mis l\u00e4bi m\u00e4ngu jutustamist ootab ja hirmsasti [&hellip;]<\/p>\n","protected":false},"author":1,"featured_media":0,"parent":0,"menu_order":0,"comment_status":"closed","ping_status":"closed","template":"","meta":{"_et_pb_use_builder":"on","_et_pb_old_content":"","_et_gb_content_width":"","_themeisle_gutenberg_block_has_review":false,"footnotes":""},"class_list":["post-370","page","type-page","status-publish","hentry"],"_links":{"self":[{"href":"https:\/\/xn--mttekollid-2bb.ee\/index.php?rest_route=\/wp\/v2\/pages\/370","targetHints":{"allow":["GET"]}}],"collection":[{"href":"https:\/\/xn--mttekollid-2bb.ee\/index.php?rest_route=\/wp\/v2\/pages"}],"about":[{"href":"https:\/\/xn--mttekollid-2bb.ee\/index.php?rest_route=\/wp\/v2\/types\/page"}],"author":[{"embeddable":true,"href":"https:\/\/xn--mttekollid-2bb.ee\/index.php?rest_route=\/wp\/v2\/users\/1"}],"replies":[{"embeddable":true,"href":"https:\/\/xn--mttekollid-2bb.ee\/index.php?rest_route=%2Fwp%2Fv2%2Fcomments&post=370"}],"version-history":[{"count":18,"href":"https:\/\/xn--mttekollid-2bb.ee\/index.php?rest_route=\/wp\/v2\/pages\/370\/revisions"}],"predecessor-version":[{"id":456,"href":"https:\/\/xn--mttekollid-2bb.ee\/index.php?rest_route=\/wp\/v2\/pages\/370\/revisions\/456"}],"wp:attachment":[{"href":"https:\/\/xn--mttekollid-2bb.ee\/index.php?rest_route=%2Fwp%2Fv2%2Fmedia&parent=370"}],"curies":[{"name":"wp","href":"https:\/\/api.w.org\/{rel}","templated":true}]}}