{"id":291,"date":"2022-11-13T17:41:52","date_gmt":"2022-11-13T17:41:52","guid":{"rendered":"https:\/\/xn--mttekollid-2bb.ee\/?page_id=291"},"modified":"2024-08-19T08:34:37","modified_gmt":"2024-08-19T08:34:37","slug":"mottekollid-2","status":"publish","type":"page","link":"https:\/\/xn--mttekollid-2bb.ee\/?page_id=291","title":{"rendered":"M\u00f5ttekollid"},"content":{"rendered":"<p>[et_pb_section fb_built=&#8221;1&#8243; _builder_version=&#8221;4.18.0&#8243; _module_preset=&#8221;default&#8221; global_colors_info=&#8221;{}&#8221;][et_pb_row column_structure=&#8221;1_2,1_2&#8243; _builder_version=&#8221;4.26.0&#8243; _module_preset=&#8221;default&#8221; global_colors_info=&#8221;{}&#8221;][et_pb_column type=&#8221;1_2&#8243; _builder_version=&#8221;4.18.0&#8243; _module_preset=&#8221;default&#8221; global_colors_info=&#8221;{}&#8221;][et_pb_accordion _builder_version=&#8221;4.18.0&#8243; _module_preset=&#8221;default&#8221; border_color_all=&#8221;RGBA(255,255,255,0)&#8221; global_colors_info=&#8221;{}&#8221;][et_pb_accordion_item title=&#8221;M\u00d5TTEKOLLID&#8221; open=&#8221;on&#8221; _builder_version=&#8221;4.18.0&#8243; _module_preset=&#8221;default&#8221; global_colors_info=&#8221;{}&#8221;]<\/p>\n<p>Metafoorkaardid<\/p>\n<p>Lastel on enamasti raske r\u00e4\u00e4kida oma muredest v\u00f5i hirmudest. Metafoorkaardid aitavad luua silda laste sise- ja v\u00e4lismaailma vahel olukorras, kus s\u00f5nu on keeruline leida. Kaartidel olevad pildid annavad v\u00f5imaluse oma m\u00f5tted selgemalt ja arusaadavamalt edastada ning soodustavad omavahelist turvalist suhtlust ja usalduse teket.<\/p>\n<p>Kaarte v\u00f5ib kasutada ka toredaks m\u00e4nguks v\u00f5i \u00f5ppimiseks, luues ise oma turvalised reeglid ja m\u00e4nguviisid.\u00a0<\/p>\n<p>Kaardipakist leiad 55 pildi- ja kasutusjuhenditega kaarti.<\/p>\n<p><strong>Kaardid on v\u00f5imalik tellida <a href=\"https:\/\/www.kaardimaailm.ee\/\">Kaardimaailmast<\/a>.<\/strong><\/p>\n<p><span style=\"font-size: medium;\"><strong><\/strong><\/span><\/p>\n<p>[\/et_pb_accordion_item][\/et_pb_accordion][\/et_pb_column][et_pb_column type=&#8221;1_2&#8243; _builder_version=&#8221;4.18.0&#8243; _module_preset=&#8221;default&#8221; global_colors_info=&#8221;{}&#8221;][et_pb_image src=&#8221;https:\/\/xn--mttekollid-2bb.ee\/wp-content\/uploads\/2022\/05\/Nimetu-912-\u00d7-456-px.png&#8221; title_text=&#8221;Nimetu (912 \u00d7 456 px)&#8221; force_fullwidth=&#8221;on&#8221; _builder_version=&#8221;4.18.0&#8243; _module_preset=&#8221;default&#8221; transform_scale=&#8221;102%|102%&#8221; global_colors_info=&#8221;{}&#8221;][\/et_pb_image][\/et_pb_column][\/et_pb_row][et_pb_row _builder_version=&#8221;4.26.0&#8243; _module_preset=&#8221;default&#8221;][et_pb_column _builder_version=&#8221;4.26.0&#8243; _module_preset=&#8221;default&#8221; type=&#8221;4_4&#8243;][et_pb_button button_text=&#8221;Telli siit&#8221; _builder_version=&#8221;4.26.0&#8243; _module_preset=&#8221;default&#8221; button_url=&#8221;https:\/\/www.kaardimaailm.ee\/et\/pood\/tooted\/mottekollid&#8221; url_new_window=&#8221;on&#8221; hover_enabled=&#8221;0&#8243; sticky_enabled=&#8221;0&#8243; custom_padding=&#8221;1px|||||&#8221; button_alignment=&#8221;left&#8221; custom_margin=&#8221;-70px|||20px|false|false&#8221;][\/et_pb_button][\/et_pb_column][\/et_pb_row][\/et_pb_section]<\/p>\n","protected":false},"excerpt":{"rendered":"<p>Metafoorkaardid Lastel on enamasti raske r\u00e4\u00e4kida oma muredest v\u00f5i hirmudest. Metafoorkaardid aitavad luua silda laste sise- ja v\u00e4lismaailma vahel olukorras, kus s\u00f5nu on keeruline leida. Kaartidel olevad pildid annavad v\u00f5imaluse oma m\u00f5tted selgemalt ja arusaadavamalt edastada ning soodustavad omavahelist turvalist suhtlust ja usalduse teket. Kaarte v\u00f5ib kasutada ka toredaks m\u00e4nguks v\u00f5i \u00f5ppimiseks, luues ise oma [&hellip;]<\/p>\n","protected":false},"author":1,"featured_media":0,"parent":0,"menu_order":0,"comment_status":"closed","ping_status":"closed","template":"","meta":{"_et_pb_use_builder":"on","_et_pb_old_content":"","_et_gb_content_width":"","_themeisle_gutenberg_block_has_review":false,"footnotes":""},"class_list":["post-291","page","type-page","status-publish","hentry"],"_links":{"self":[{"href":"https:\/\/xn--mttekollid-2bb.ee\/index.php?rest_route=\/wp\/v2\/pages\/291","targetHints":{"allow":["GET"]}}],"collection":[{"href":"https:\/\/xn--mttekollid-2bb.ee\/index.php?rest_route=\/wp\/v2\/pages"}],"about":[{"href":"https:\/\/xn--mttekollid-2bb.ee\/index.php?rest_route=\/wp\/v2\/types\/page"}],"author":[{"embeddable":true,"href":"https:\/\/xn--mttekollid-2bb.ee\/index.php?rest_route=\/wp\/v2\/users\/1"}],"replies":[{"embeddable":true,"href":"https:\/\/xn--mttekollid-2bb.ee\/index.php?rest_route=%2Fwp%2Fv2%2Fcomments&post=291"}],"version-history":[{"count":12,"href":"https:\/\/xn--mttekollid-2bb.ee\/index.php?rest_route=\/wp\/v2\/pages\/291\/revisions"}],"predecessor-version":[{"id":450,"href":"https:\/\/xn--mttekollid-2bb.ee\/index.php?rest_route=\/wp\/v2\/pages\/291\/revisions\/450"}],"wp:attachment":[{"href":"https:\/\/xn--mttekollid-2bb.ee\/index.php?rest_route=%2Fwp%2Fv2%2Fmedia&parent=291"}],"curies":[{"name":"wp","href":"https:\/\/api.w.org\/{rel}","templated":true}]}}