{"id":289,"date":"2022-11-13T17:41:36","date_gmt":"2022-11-13T17:41:36","guid":{"rendered":"https:\/\/xn--mttekollid-2bb.ee\/?page_id=289"},"modified":"2024-08-19T08:14:52","modified_gmt":"2024-08-19T08:14:52","slug":"manguteraapia","status":"publish","type":"page","link":"https:\/\/xn--mttekollid-2bb.ee\/?page_id=289","title":{"rendered":"M\u00e4nguteraapia"},"content":{"rendered":"<p>[et_pb_section fb_built=&#8221;1&#8243; _builder_version=&#8221;4.18.0&#8243; _module_preset=&#8221;default&#8221; global_colors_info=&#8221;{}&#8221;][et_pb_row _builder_version=&#8221;4.18.0&#8243; _module_preset=&#8221;default&#8221; global_colors_info=&#8221;{}&#8221;][et_pb_column type=&#8221;4_4&#8243; _builder_version=&#8221;4.18.0&#8243; _module_preset=&#8221;default&#8221; global_colors_info=&#8221;{}&#8221;][et_pb_accordion open_toggle_text_color=&#8221;#388087&#8243; open_toggle_background_color=&#8221;#ffffff&#8221; closed_toggle_background_color=&#8221;#badfe7&#8243; icon_color=&#8221;#388087&#8243; _builder_version=&#8221;4.18.0&#8243; _module_preset=&#8221;default&#8221; toggle_font=&#8221;|600||||||#388087|&#8221; border_color_all=&#8221;RGBA(255,255,255,0)&#8221; global_colors_info=&#8221;{}&#8221;][et_pb_accordion_item title=&#8221;M\u00c4NGUTERAAPIA&#8221; _builder_version=&#8221;4.18.0&#8243; _module_preset=&#8221;default&#8221; global_colors_info=&#8221;{}&#8221; open=&#8221;off&#8221;]<\/p>\n<p>Sama moodi, nagu kassiema \u00f5petab oma poegadele jahipidamsit, piire ja maailmas varitsevaid ohtusid l\u00e4bi m\u00e4ngu, \u00f5pib ka inimlaps k\u00f5ige paremini l\u00e4bi m\u00e4ngimise. See on looduse poolt meile kingitud viis maailma m\u00f5testada ning ilma keeruliste s\u00f5nadeta \u00fcmbritsevast ja iseendast aru saada. M\u00e4ngu t\u00e4is fantaasiamaailm annab lapsele v\u00f5imaluse turvaliselt p\u00e4ris maailmas toimuvat j\u00e4rele proovida ning kohaneda selle reeglite ja ootamatustega. Omaenese loodud m\u00e4nguruumis saab laps l\u00e4bi m\u00e4ngida ohtlikke olukordi: v\u00f5ideledes lohede, n\u00f5idade ja superpahalastega, ilma p\u00e4riselt ohtu tundmata (sest see k\u00f5ik on ju tegelikult ainult m\u00e4ng ja selle kulgu ja l\u00f5ppu kontrollib laps). Samuti annab turvaline fantaasiamaailm lapsele v\u00f5imaluse vaadelda hirmu, \u00e4revust tekitavaid olukordi, kurbust ja ka r\u00f5\u00f5msaid s\u00fcndmusi erinevatest vaatepunktidest. See annab lapsele oskused ja paindlikkuse hakkama saada ka p\u00e4ris elus ette tulevate rohkem v\u00f5i v\u00e4hem keeruliste olukordadega.\u00a0<\/p>\n<p>M\u00e4nguterapeut aitab lastel v\u00e4ljendada oma tundeid, soove, vajadusi ja m\u00f5tteid. Laps ei pea enda v\u00e4ljendamiseks \u00f5igeid s\u00f5nu otsima v\u00f5i kellegi hukkam\u00f5istu kartma. Terapeut on teraapiaprotsessis lapsele toeks, et aidata tal l\u00e4bi m\u00e4ngu m\u00f5ista ja kohaneda raskete elus\u00fcndmuste v\u00f5i keeruliste muredega. M\u00e4nguteraapias on olulisel kohal lapse ja terapeudi omavahelise suhte loomine. Terapeutiline suhe on protsess, mille ajakulu m\u00e4\u00e4rab laps, valides ise tempo, millal ja kuidas enda sees olevad k\u00fcsimusi ja ressursse uurida.<\/p>\n<p>[\/et_pb_accordion_item][et_pb_accordion_item title=&#8221;MILLAL M\u00c4NGUTERAAPIASSE P\u00d6\u00d6RDUDA&#8221; _builder_version=&#8221;4.18.0&#8243; _module_preset=&#8221;default&#8221; global_colors_info=&#8221;{}&#8221; open=&#8221;off&#8221;]<\/p>\n<p>V\u00f5id p\u00f6\u00f6rduda m\u00e4nguteraapiasse, kui laps on&#8230;<\/p>\n<ul>\n<li>elanud l\u00e4bi t\u00f5sise kriisi v\u00f5i muutuse (vanemate lahutus, l\u00e4hedaste kaotus elukoha-, lasteaia- v\u00f5i koolivahetus vm);<\/li>\n<li>kogenud f\u00fc\u00fcsilist v\u00f5i emotsionaalset v\u00e4givalda;<\/li>\n<li>k\u00e4itumises agressiivne, sest tal on raske teisiti v\u00e4ljendada oma tundeid;<\/li>\n<li>madala enesehinnanguga, endasset\u00f5mbunud, kurb, h\u00e4belik, kartlik v\u00f5i \u00e4rev, rahutu, vihane, trotslik;<\/li>\n<li>kiusaja v\u00f5i kiusatav;<\/li>\n<li>haigestunud ja vajab pikaaegset ravi.<\/li>\n<\/ul>\n<p>[\/et_pb_accordion_item][et_pb_accordion_item title=&#8221;LAPSEVANEMALE&#8221; open=&#8221;on&#8221; _builder_version=&#8221;4.18.0&#8243; _module_preset=&#8221;default&#8221; global_colors_info=&#8221;{}&#8221;]<\/p>\n<p>Esimene kohtumine toimub <strong>ainult lapsevanemaga<\/strong> (ilma lapseta) ja see on <strong>tasuta<\/strong>.<br \/>Teraapiaseansi hind on <strong>45\u20ac<\/strong>. Tasumine toimub arve alusel.<br \/>M\u00e4nguteraapia seansi pikkus on vastavalt lapse vanusele ja valmisolekule <strong>30-45 minutit.<\/strong><br \/>Teraapiaseansid toimuvad igal n\u00e4dalal samal, kokkulepitud ajal.<br \/>Vestlused lapsevanemaga toimuvad \u00fcldjuhul p\u00e4rast iga kuuendat teraapiaseanssi. Selles vestluses osalevad vanem ja terapeut ilma lapseta.<\/p>\n<p>[\/et_pb_accordion_item][et_pb_accordion_item title=&#8221;KUI LAPS K\u00c4IB TERAAPIAS&#8221; _builder_version=&#8221;4.18.0&#8243; _module_preset=&#8221;default&#8221; global_colors_info=&#8221;{}&#8221; open=&#8221;off&#8221;]<\/p>\n<p>\u00a0Teraapiaseansid on <strong>individuaalsed<\/strong>: seansil viibivad laps ja terapeut.<\/p>\n<p>M\u00e4nguteraapia seanssidel toimuv on <strong>konfidentsiaalne<\/strong>.<\/p>\n<p>Teraapiaseansil kasutame materjale, mis v\u00f5ivad m\u00e4\u00e4rida. Seet\u00f5ttu on soovitatav panna lapsele selga riided, mis on kergesti pestavad.<\/p>\n<p>Kui laps on teraapias k\u00e4imist alustanud, v\u00f5ib vahel tunduda, et tema k\u00e4itumine muutub varasemast hullemaks, kuna laps tegeleb teraapia ajal talle oluliste teemadega.\u00a0<\/p>\n<p>Lapsevanemal pole vaja muretseda selle p\u00e4rast, kas laps k\u00e4itub teraapiaseansil \u201eh\u00e4sti\u201c v\u00f5i \u201ehalvasti\u201c: terapeut ei anna lapse k\u00e4itumisele ja m\u00e4ngule hinnangut. Teraapiaseansil on oluline vaid see, et laps tunneks end vabalt ning julgeks k\u00f5iki tundeid v\u00e4ljendada.<\/p>\n<p>&nbsp;<\/p>\n<p>[\/et_pb_accordion_item][\/et_pb_accordion][\/et_pb_column][\/et_pb_row][et_pb_row column_structure=&#8221;1_2,1_2&#8243; _builder_version=&#8221;4.18.0&#8243; _module_preset=&#8221;default&#8221; width=&#8221;71%&#8221; animation_style=&#8221;fade&#8221; global_colors_info=&#8221;{}&#8221;][et_pb_column type=&#8221;1_2&#8243; _builder_version=&#8221;4.18.0&#8243; _module_preset=&#8221;default&#8221; global_colors_info=&#8221;{}&#8221;][et_pb_gallery gallery_ids=&#8221;348,347,346,345,344,343,342&#8243; gallery_orderby=&#8221;rand&#8221; fullwidth=&#8221;on&#8221; _builder_version=&#8221;4.18.0&#8243; _module_preset=&#8221;default&#8221; title_font_size=&#8221;10px&#8221; auto=&#8221;on&#8221; border_color_all=&#8221;RGBA(255,255,255,0)&#8221; border_color_all_image=&#8221;RGBA(255,255,255,0)&#8221; global_colors_info=&#8221;{}&#8221;][\/et_pb_gallery][\/et_pb_column][et_pb_column type=&#8221;1_2&#8243; _builder_version=&#8221;4.18.0&#8243; _module_preset=&#8221;default&#8221; global_colors_info=&#8221;{}&#8221;][\/et_pb_column][\/et_pb_row][\/et_pb_section]<\/p>\n","protected":false},"excerpt":{"rendered":"<p>Sama moodi, nagu kassiema \u00f5petab oma poegadele jahipidamsit, piire ja maailmas varitsevaid ohtusid l\u00e4bi m\u00e4ngu, \u00f5pib ka inimlaps k\u00f5ige paremini l\u00e4bi m\u00e4ngimise. See on looduse poolt meile kingitud viis maailma m\u00f5testada ning ilma keeruliste s\u00f5nadeta \u00fcmbritsevast ja iseendast aru saada. M\u00e4ngu t\u00e4is fantaasiamaailm annab lapsele v\u00f5imaluse turvaliselt p\u00e4ris maailmas toimuvat j\u00e4rele proovida ning kohaneda selle [&hellip;]<\/p>\n","protected":false},"author":1,"featured_media":0,"parent":0,"menu_order":0,"comment_status":"closed","ping_status":"closed","template":"","meta":{"_et_pb_use_builder":"on","_et_pb_old_content":"","_et_gb_content_width":"","_themeisle_gutenberg_block_has_review":false,"footnotes":""},"class_list":["post-289","page","type-page","status-publish","hentry"],"_links":{"self":[{"href":"https:\/\/xn--mttekollid-2bb.ee\/index.php?rest_route=\/wp\/v2\/pages\/289","targetHints":{"allow":["GET"]}}],"collection":[{"href":"https:\/\/xn--mttekollid-2bb.ee\/index.php?rest_route=\/wp\/v2\/pages"}],"about":[{"href":"https:\/\/xn--mttekollid-2bb.ee\/index.php?rest_route=\/wp\/v2\/types\/page"}],"author":[{"embeddable":true,"href":"https:\/\/xn--mttekollid-2bb.ee\/index.php?rest_route=\/wp\/v2\/users\/1"}],"replies":[{"embeddable":true,"href":"https:\/\/xn--mttekollid-2bb.ee\/index.php?rest_route=%2Fwp%2Fv2%2Fcomments&post=289"}],"version-history":[{"count":16,"href":"https:\/\/xn--mttekollid-2bb.ee\/index.php?rest_route=\/wp\/v2\/pages\/289\/revisions"}],"predecessor-version":[{"id":444,"href":"https:\/\/xn--mttekollid-2bb.ee\/index.php?rest_route=\/wp\/v2\/pages\/289\/revisions\/444"}],"wp:attachment":[{"href":"https:\/\/xn--mttekollid-2bb.ee\/index.php?rest_route=%2Fwp%2Fv2%2Fmedia&parent=289"}],"curies":[{"name":"wp","href":"https:\/\/api.w.org\/{rel}","templated":true}]}}