{"id":286,"date":"2022-11-13T17:32:31","date_gmt":"2022-11-13T17:32:31","guid":{"rendered":"https:\/\/xn--mttekollid-2bb.ee\/?page_id=286"},"modified":"2022-11-14T09:23:34","modified_gmt":"2022-11-14T09:23:34","slug":"avaleht","status":"publish","type":"page","link":"https:\/\/xn--mttekollid-2bb.ee\/","title":{"rendered":"Avaleht"},"content":{"rendered":"<p>[et_pb_section fb_built=&#8221;1&#8243; _builder_version=&#8221;4.18.0&#8243; _module_preset=&#8221;default&#8221; global_colors_info=&#8221;{}&#8221;][et_pb_row column_structure=&#8221;1_2,1_2&#8243; _builder_version=&#8221;4.18.0&#8243; _module_preset=&#8221;default&#8221; global_colors_info=&#8221;{}&#8221;][et_pb_column type=&#8221;1_2&#8243; _builder_version=&#8221;4.18.0&#8243; _module_preset=&#8221;default&#8221; global_colors_info=&#8221;{}&#8221;][et_pb_accordion _builder_version=&#8221;4.18.0&#8243; _module_preset=&#8221;default&#8221; hover_enabled=&#8221;0&#8243; global_colors_info=&#8221;{}&#8221; border_width_all=&#8221;0px&#8221; border_color_all=&#8221;RGBA(255,255,255,0)&#8221; sticky_enabled=&#8221;0&#8243;][et_pb_accordion_item title=&#8221;M\u00c4NGUTERAAPIA&#8221; open=&#8221;on&#8221; _builder_version=&#8221;4.18.0&#8243; _module_preset=&#8221;default&#8221; global_colors_info=&#8221;{}&#8221;]<\/p>\n<p style=\"text-align: justify;\">Meist iga\u00fche sees elavad pisikesed m\u00f5ttekollid, kes aeg-ajalt murem\u00f5tete v\u00f5i hirmudena ennast meelde tuletavad. Vahel piisab s\u00f5bra toetavast s\u00f5nast v\u00f5i ema pehmest paist, et hirmud minema peletada. Ent m\u00f5nikord muutuvad m\u00f5ttekollid meie sees nii suureks, et neist jagu saamiseks on vaja tunda laste salakeelt ehk m\u00e4ngu.<\/p>\n<p style=\"text-align: justify;\">M\u00e4nguteraapia annab lapsele v\u00f5imaluse omale sobivas tempos tegeleda talle oluliste teemadega, kasutades oma loo jutustamiseks m\u00e4ngu ja m\u00e4nguasju.<\/p>\n<p>[\/et_pb_accordion_item][\/et_pb_accordion][\/et_pb_column][et_pb_column type=&#8221;1_2&#8243; _builder_version=&#8221;4.18.0&#8243; _module_preset=&#8221;default&#8221; global_colors_info=&#8221;{}&#8221;][et_pb_image src=&#8221;https:\/\/xn--mttekollid-2bb.ee\/wp-content\/uploads\/2022\/05\/pilt112-e1652102010735.png&#8221; title_text=&#8221;pilt112&#8243; _builder_version=&#8221;4.18.0&#8243; _module_preset=&#8221;default&#8221; global_colors_info=&#8221;{}&#8221;][\/et_pb_image][\/et_pb_column][\/et_pb_row][et_pb_row _builder_version=&#8221;4.18.0&#8243; _module_preset=&#8221;default&#8221; global_colors_info=&#8221;{}&#8221;][et_pb_column type=&#8221;4_4&#8243; _builder_version=&#8221;4.18.0&#8243; _module_preset=&#8221;default&#8221; global_colors_info=&#8221;{}&#8221;][et_pb_testimonial author=&#8221;Signe Viira&#8221; job_title=&#8221;m\u00e4nguterapeut&#8221; portrait_url=&#8221;https:\/\/xn--mttekollid-2bb.ee\/wp-content\/uploads\/2022\/11\/mottekollid-8.png&#8221; portrait_width=&#8221;150px&#8221; portrait_height=&#8221;152px&#8221; _builder_version=&#8221;4.18.0&#8243; _module_preset=&#8221;default&#8221; global_colors_info=&#8221;{}&#8221;]<\/p>\n<blockquote>\n<h2><em>Igas s\u00fcdames on lugu, mis ootab kuulamist!<\/em><\/h2>\n<\/blockquote>\n<p>[\/et_pb_testimonial][\/et_pb_column][\/et_pb_row][\/et_pb_section]<\/p>\n","protected":false},"excerpt":{"rendered":"<p>Meist iga\u00fche sees elavad pisikesed m\u00f5ttekollid, kes aeg-ajalt murem\u00f5tete v\u00f5i hirmudena ennast meelde tuletavad. Vahel piisab s\u00f5bra toetavast s\u00f5nast v\u00f5i ema pehmest paist, et hirmud minema peletada. Ent m\u00f5nikord muutuvad m\u00f5ttekollid meie sees nii suureks, et neist jagu saamiseks on vaja tunda laste salakeelt ehk m\u00e4ngu. M\u00e4nguteraapia annab lapsele v\u00f5imaluse omale sobivas tempos tegeleda talle [&hellip;]<\/p>\n","protected":false},"author":1,"featured_media":0,"parent":0,"menu_order":0,"comment_status":"closed","ping_status":"closed","template":"","meta":{"_et_pb_use_builder":"on","_et_pb_old_content":"","_et_gb_content_width":"","_themeisle_gutenberg_block_has_review":false,"footnotes":""},"class_list":["post-286","page","type-page","status-publish","hentry"],"_links":{"self":[{"href":"https:\/\/xn--mttekollid-2bb.ee\/index.php?rest_route=\/wp\/v2\/pages\/286","targetHints":{"allow":["GET"]}}],"collection":[{"href":"https:\/\/xn--mttekollid-2bb.ee\/index.php?rest_route=\/wp\/v2\/pages"}],"about":[{"href":"https:\/\/xn--mttekollid-2bb.ee\/index.php?rest_route=\/wp\/v2\/types\/page"}],"author":[{"embeddable":true,"href":"https:\/\/xn--mttekollid-2bb.ee\/index.php?rest_route=\/wp\/v2\/users\/1"}],"replies":[{"embeddable":true,"href":"https:\/\/xn--mttekollid-2bb.ee\/index.php?rest_route=%2Fwp%2Fv2%2Fcomments&post=286"}],"version-history":[{"count":9,"href":"https:\/\/xn--mttekollid-2bb.ee\/index.php?rest_route=\/wp\/v2\/pages\/286\/revisions"}],"predecessor-version":[{"id":336,"href":"https:\/\/xn--mttekollid-2bb.ee\/index.php?rest_route=\/wp\/v2\/pages\/286\/revisions\/336"}],"wp:attachment":[{"href":"https:\/\/xn--mttekollid-2bb.ee\/index.php?rest_route=%2Fwp%2Fv2%2Fmedia&parent=286"}],"curies":[{"name":"wp","href":"https:\/\/api.w.org\/{rel}","templated":true}]}}